{"id":13365,"date":"2022-05-31T11:53:38","date_gmt":"2022-05-31T11:53:38","guid":{"rendered":"https:\/\/ttajer.com\/?post_type=product&#038;p=13365"},"modified":"2022-10-21T19:03:06","modified_gmt":"2022-10-21T16:03:06","slug":"boitier-pc-atx-xigmatek-triple-x-avec-4x-x20a-en46577","status":"publish","type":"product","link":"https:\/\/ttajer.com\/ar\/product\/boitier-pc-atx-xigmatek-triple-x-avec-4x-x20a-en46577\/","title":{"rendered":"\u062d\u0642\u064a\u0628\u0629 Xigmatek Triple X ATX PC \u060c \u0645\u0639 4x X20A (EN46577)"},"content":{"rendered":"<p dir=\"ltr\" data-placeholder=\"Traduction\">Boitier PC ATX Xigmatek Triple X, avec 4x X20A<\/p>\n<p id=\"tw-target-text\" class=\"tw-data-text tw-text-large tw-ta\" dir=\"ltr\" data-placeholder=\"Traduction\"><span class=\"Y2IQFc\" lang=\"en\">&#8211; Type de produit : Boitier PC <\/span><\/p>\n<p class=\"tw-data-text tw-text-large tw-ta\" dir=\"ltr\" data-placeholder=\"Traduction\"><span class=\"Y2IQFc\" lang=\"en\">-Format du boitier : Grand tour <\/span><\/p>\n<p class=\"tw-data-text tw-text-large tw-ta\" dir=\"ltr\" data-placeholder=\"Traduction\"><span class=\"Y2IQFc\" lang=\"en\">-Alimentation : ATX Non fournie <\/span><\/p>\n<p class=\"tw-data-text tw-text-large tw-ta\" dir=\"ltr\" data-placeholder=\"Traduction\"><span class=\"Y2IQFc\" lang=\"en\">-Format de la carte m\u00e8re : ATX, Micro ATX, Mini ITX <\/span><\/p>\n<p class=\"tw-data-text tw-text-large tw-ta\" dir=\"ltr\" data-placeholder=\"Traduction\"><span class=\"Y2IQFc\" lang=\"en\">-Slots d&#8217;extension : 7x PCI, 2x 3.5&#8243;, 2x 2.5&#8243; <\/span><\/p>\n<p class=\"tw-data-text tw-text-large tw-ta\" dir=\"ltr\" data-placeholder=\"Traduction\"><span class=\"Y2IQFc\" lang=\"en\">-Connecteurs : Dessus : 2x Jack 3.5 mm, 2x USB 2.0, 1x USB 3.0 -Refroidissement : 3x 120 ou 2x 140 mm Fa\u00e7ade, 1x 120 mm Arri\u00e8re, 2x 120 mm Dessus <\/span><\/p>\n<p class=\"tw-data-text tw-text-large tw-ta\" dir=\"ltr\" data-placeholder=\"Traduction\"><span class=\"Y2IQFc\" lang=\"en\">-Refroidissement fournis : 3x 120 mm X20A Fa\u00e7ade, 1x 120 mm X20A Arri\u00e8re <\/span><\/p>\n<p class=\"tw-data-text tw-text-large tw-ta\" dir=\"ltr\" data-placeholder=\"Traduction\"><span class=\"Y2IQFc\" lang=\"en\">-Support Radiateur : 240 mm Fa\u00e7ade, 120 mm Arri\u00e8re, 240 mm Dessus -Compatibilit\u00e9 : Ventirad 170 mm maxi., Carte graphique 320 mm maxi., Alimentation 165 mm maxi.<\/span><\/p>\n<p dir=\"ltr\" data-placeholder=\"Traduction\">\n<p class=\"tw-data-text tw-text-large tw-ta\" dir=\"ltr\" data-placeholder=\"Traduction\"><span class=\"Y2IQFc\" lang=\"en\">Boitier PC ATX Xigmatek Triple X, avec 4x X20A\u00a0<\/span><\/p>\n<p class=\"tw-data-text tw-text-large tw-ta\" dir=\"ltr\" data-placeholder=\"Traduction\"><span class=\"Y2IQFc\" lang=\"en\">-Sp\u00e9cificit\u00e9s: . <\/span><\/p>\n<p class=\"tw-data-text tw-text-large tw-ta\" dir=\"ltr\" data-placeholder=\"Traduction\"><span class=\"Y2IQFc\" lang=\"en\">-Couleur : Noir, LED RGB <\/span><\/p>\n<p class=\"tw-data-text tw-text-large tw-ta\" dir=\"ltr\" data-placeholder=\"Traduction\"><span class=\"Y2IQFc\" lang=\"en\">&#8211;<\/span><span class=\"Y2IQFc\" lang=\"en\">Dimensions : 465 x 210 x 336 mm<\/span><\/p>","protected":false},"excerpt":{"rendered":"<pre id=\"tw-target-text\" class=\"tw-data-text tw-text-large tw-ta\" dir=\"ltr\" data-placeholder=\"Traduction\"><span class=\"Y2IQFc\" lang=\"en\">\u0646\u0648\u0639 \u0627\u0644\u0645\u0646\u062a\u062c: \u062d\u0627\u0644\u0629 \u0627\u0644\u0643\u0645\u0628\u064a\u0648\u062a\u0631\n\u0634\u0643\u0644 \u0627\u0644\u062d\u0627\u0644\u0629: \u062f\u0627\u0626\u0631\u064a \u0643\u0628\u064a\u0631\n\u0645\u0632\u0648\u062f \u0627\u0644\u0637\u0627\u0642\u0629: ATX \u063a\u064a\u0631 \u0645\u062f\u0631\u062c\n\u062a\u0646\u0633\u064a\u0642 \u0627\u0644\u0644\u0648\u062d\u0629 \u0627\u0644\u0623\u0645: ATX \u060c Micro ATX \u060c Mini ITX\n\u0641\u062a\u062d\u0627\u062a \u0627\u0644\u062a\u0648\u0633\u0639\u0629: 7x PCI\u060c 2x 3.5 \"\u060c 2x 2.5\"\n\u0627\u0644\u0645\u0648\u0635\u0644\u0627\u062a: \u0639\u0644\u0648\u064a: 2x 3.5 \u0645\u0644\u0645 \u062c\u0627\u0643 \u060c 2x USB 2.0 \u060c 1x USB 3.0\n\u0627\u0644\u062a\u0628\u0631\u064a\u062f: 3x 120 \u0623\u0648 2x 140 \u0645\u0644\u0645 \u0623\u0645\u0627\u0645\u064a \u060c 1x 120 \u0645\u0644\u0645 \u062e\u0644\u0641\u064a \u060c 2x 120 \u0645\u0644\u0645 \u0639\u0644\u0648\u064a\n\u0627\u0644\u062a\u0628\u0631\u064a\u062f \u0627\u0644\u0645\u0642\u062f\u0645: 3 \u00d7 120 \u0645\u0645 \u00d7 20 \u0623\u0645\u0628\u064a\u0631 \u0623\u0645\u0627\u0645\u064a \u060c 1 \u00d7 120 \u0645\u0645 \u00d7 20 \u0623\u0645\u0628\u064a\u0631 \u062e\u0644\u0641\u064a\n\u062f\u0639\u0645 \u0627\u0644\u0631\u0627\u062f\u064a\u0627\u062a\u064a\u0631: 240 \u0645\u0644\u0645 \u0645\u0646 \u0627\u0644\u0623\u0645\u0627\u0645 \u060c 120 \u0645\u0644\u0645 \u0641\u064a \u0627\u0644\u062e\u0644\u0641 \u060c 240 \u0645\u0644\u0645 \u0645\u0646 \u0627\u0644\u0623\u0639\u0644\u0649\n\u0627\u0644\u062a\u0648\u0627\u0641\u0642: \u0645\u0631\u0648\u062d\u0629 170 \u0645\u0644\u0645 \u0643\u062d\u062f \u0623\u0642\u0635\u0649 \u060c \u0628\u0637\u0627\u0642\u0629 \u0631\u0633\u0648\u0645\u064a\u0627\u062a 320 \u0645\u0644\u0645 \u0643\u062d\u062f \u0623\u0642\u0635\u0649 \u060c \u0645\u0635\u062f\u0631 \u0637\u0627\u0642\u0629 165 \u0645\u0644\u0645 \u0643\u062d\u062f \u0623\u0642\u0635\u0649.\n\u0627\u0644\u062e\u0635\u0648\u0635\u064a\u0627\u062a:.\n\u0627\u0644\u0644\u0648\u0646: \u0623\u0633\u0648\u062f \u060c RGB LED\n\u0627\u0644\u0623\u0628\u0639\u0627\u062f: \u0664\u0666\u0665 \u00d7 \u0662\u0661\u0660 \u00d7 \u0663\u0663\u0666 \u0645\u0644\u0645<\/span><\/pre>","protected":false},"featured_media":13367,"comment_status":"open","ping_status":"closed","template":"","meta":{"om_disable_all_campaigns":false,"_monsterinsights_skip_tracking":false,"_monsterinsights_sitenote_active":false,"_monsterinsights_sitenote_note":"","_monsterinsights_sitenote_category":0,"_joinchat":[]},"product_cat":[224,235,228,239,244],"product_tag":[416,415],"class_list":["post-13365","product","type-product","status-publish","has-post-thumbnail","hentry","product_cat-laptops-computers","product_cat-accessories-laptops-computers","product_cat-computer-components","product_cat-computer-accessories-computer-components","product_cat-computer-cases","product_tag-avec-4x-x20a-en46577","product_tag-boitier-pc-atx-xigmatek-triple-x"],"aioseo_notices":[],"yoast_head":"<!-- This site is optimized with the Yoast SEO plugin v19.10 - https:\/\/yoast.com\/wordpress\/plugins\/seo\/ -->\n<title>Boitier PC ATX Xigmatek Triple X, avec 4x X20A (EN46577) - Ttajer<\/title>\n<meta name=\"description\" content=\"Boitier PC ATX Xigmatek Triple X, avec 4x X20A boitier pc atx xigmatek triple x, avec 4x x20aboitier pc atx xigmatekboitier pc atx xigmatek triple\" \/>\n<meta name=\"robots\" content=\"index, follow, max-snippet:-1, max-image-preview:large, max-video-preview:-1\" \/>\n<link rel=\"canonical\" href=\"https:\/\/ttajer.com\/ar\/product\/boitier-pc-atx-xigmatek-triple-x-avec-4x-x20a-en46577\/\" \/>\n<meta property=\"og:locale\" content=\"ar_AR\" \/>\n<meta property=\"og:type\" content=\"article\" \/>\n<meta property=\"og:title\" content=\"Boitier PC ATX Xigmatek Triple X, avec 4x X20A (EN46577) - Ttajer\" \/>\n<meta property=\"og:description\" content=\"Boitier PC ATX Xigmatek Triple X, avec 4x X20A boitier pc atx xigmatek triple x, avec 4x x20aboitier pc atx xigmatekboitier pc atx xigmatek triple\" \/>\n<meta property=\"og:url\" content=\"https:\/\/ttajer.com\/ar\/product\/boitier-pc-atx-xigmatek-triple-x-avec-4x-x20a-en46577\/\" \/>\n<meta property=\"og:site_name\" content=\"Ttajer\" \/>\n<meta property=\"article:publisher\" content=\"https:\/\/www.facebook.com\/TTajer-105376801297898\/\" \/>\n<meta property=\"article:modified_time\" content=\"2022-10-21T16:03:06+00:00\" \/>\n<meta property=\"og:image\" content=\"https:\/\/ttajer.com\/wp-content\/uploads\/2022\/05\/49.png\" \/>\n\t<meta property=\"og:image:width\" content=\"500\" \/>\n\t<meta property=\"og:image:height\" content=\"500\" \/>\n\t<meta property=\"og:image:type\" content=\"image\/png\" \/>\n<meta name=\"twitter:card\" content=\"summary_large_image\" \/>\n<meta name=\"twitter:site\" content=\"@ttajer1\" \/>\n<meta name=\"twitter:label1\" content=\"\u0648\u0642\u062a \u0627\u0644\u0642\u0631\u0627\u0621\u0629 \u0627\u0644\u0645\u064f\u0642\u062f\u0651\u0631\" \/>\n\t<meta name=\"twitter:data1\" content=\"\u062f\u0642\u064a\u0642\u0629 \u0648\u0627\u062d\u062f\u0629\" \/>\n<script type=\"application\/ld+json\" class=\"yoast-schema-graph\">{\"@context\":\"https:\/\/schema.org\",\"@graph\":[{\"@type\":\"WebPage\",\"@id\":\"https:\/\/ttajer.com\/product\/boitier-pc-atx-xigmatek-triple-x-avec-4x-x20a-en46577\/\",\"url\":\"https:\/\/ttajer.com\/product\/boitier-pc-atx-xigmatek-triple-x-avec-4x-x20a-en46577\/\",\"name\":\"Boitier PC ATX Xigmatek Triple X, avec 4x X20A (EN46577) - Ttajer\",\"isPartOf\":{\"@id\":\"https:\/\/ttajer.com\/ar\/#website\"},\"datePublished\":\"2022-05-31T11:53:38+00:00\",\"dateModified\":\"2022-10-21T16:03:06+00:00\",\"description\":\"Boitier PC ATX Xigmatek Triple X, avec 4x X20A boitier pc atx xigmatek triple x, avec 4x x20aboitier pc atx xigmatekboitier pc atx xigmatek triple\",\"breadcrumb\":{\"@id\":\"https:\/\/ttajer.com\/product\/boitier-pc-atx-xigmatek-triple-x-avec-4x-x20a-en46577\/#breadcrumb\"},\"inLanguage\":\"ar\",\"potentialAction\":[{\"@type\":\"ReadAction\",\"target\":[\"https:\/\/ttajer.com\/product\/boitier-pc-atx-xigmatek-triple-x-avec-4x-x20a-en46577\/\"]}]},{\"@type\":\"BreadcrumbList\",\"@id\":\"https:\/\/ttajer.com\/product\/boitier-pc-atx-xigmatek-triple-x-avec-4x-x20a-en46577\/#breadcrumb\",\"itemListElement\":[{\"@type\":\"ListItem\",\"position\":1,\"name\":\"Home\",\"item\":\"https:\/\/ttajer.com\/\"},{\"@type\":\"ListItem\",\"position\":2,\"name\":\"\u0627\u0644\u0645\u062a\u062c\u0631\",\"item\":\"https:\/\/ttajer.com\/ar\/shop\/\"},{\"@type\":\"ListItem\",\"position\":3,\"name\":\"Boitier PC ATX Xigmatek Triple X, avec 4x X20A (EN46577)\"}]},{\"@type\":\"WebSite\",\"@id\":\"https:\/\/ttajer.com\/ar\/#website\",\"url\":\"https:\/\/ttajer.com\/ar\/\",\"name\":\"Ttajer\",\"description\":\"Your Electronic Store\",\"publisher\":{\"@id\":\"https:\/\/ttajer.com\/ar\/#organization\"},\"potentialAction\":[{\"@type\":\"SearchAction\",\"target\":{\"@type\":\"EntryPoint\",\"urlTemplate\":\"https:\/\/ttajer.com\/ar\/?s={search_term_string}\"},\"query-input\":\"required name=search_term_string\"}],\"inLanguage\":\"ar\"},{\"@type\":\"Organization\",\"@id\":\"https:\/\/ttajer.com\/ar\/#organization\",\"name\":\"\u0645\u0624\u0633\u0633\u0629 \u0623\u0633\u0639\u0627\u0631 \u0627\u0644\u062a\u0643\u0644\u0641\u0629 \u0627\u0644\u062a\u062c\u0627\u0631\u064a\u0629\",\"url\":\"https:\/\/ttajer.com\/ar\/\",\"logo\":{\"@type\":\"ImageObject\",\"inLanguage\":\"ar\",\"@id\":\"https:\/\/ttajer.com\/ar\/#\/schema\/logo\/image\/\",\"url\":\"https:\/\/ttajer.com\/wp-content\/uploads\/2021\/10\/ttajer-logo.png\",\"contentUrl\":\"https:\/\/ttajer.com\/wp-content\/uploads\/2021\/10\/ttajer-logo.png\",\"width\":150,\"height\":124,\"caption\":\"\u0645\u0624\u0633\u0633\u0629 \u0623\u0633\u0639\u0627\u0631 \u0627\u0644\u062a\u0643\u0644\u0641\u0629 \u0627\u0644\u062a\u062c\u0627\u0631\u064a\u0629\"},\"image\":{\"@id\":\"https:\/\/ttajer.com\/ar\/#\/schema\/logo\/image\/\"},\"sameAs\":[\"https:\/\/www.instagram.com\/ttajer.sa\/\",\"https:\/\/www.facebook.com\/TTajer-105376801297898\/\",\"https:\/\/twitter.com\/ttajer1\"]}]}<\/script>\n<!-- \/ Yoast SEO plugin. -->","yoast_head_json":{"title":"Boitier PC ATX Xigmatek Triple X, avec 4x X20A (EN46577) - Ttajer","description":"Boitier PC ATX Xigmatek Triple X, avec 4x X20A boitier pc atx xigmatek triple x, avec 4x x20aboitier pc atx xigmatekboitier pc atx xigmatek triple","robots":{"index":"index","follow":"follow","max-snippet":"max-snippet:-1","max-image-preview":"max-image-preview:large","max-video-preview":"max-video-preview:-1"},"canonical":"https:\/\/ttajer.com\/ar\/product\/boitier-pc-atx-xigmatek-triple-x-avec-4x-x20a-en46577\/","og_locale":"ar_AR","og_type":"article","og_title":"Boitier PC ATX Xigmatek Triple X, avec 4x X20A (EN46577) - Ttajer","og_description":"Boitier PC ATX Xigmatek Triple X, avec 4x X20A boitier pc atx xigmatek triple x, avec 4x x20aboitier pc atx xigmatekboitier pc atx xigmatek triple","og_url":"https:\/\/ttajer.com\/ar\/product\/boitier-pc-atx-xigmatek-triple-x-avec-4x-x20a-en46577\/","og_site_name":"Ttajer","article_publisher":"https:\/\/www.facebook.com\/TTajer-105376801297898\/","article_modified_time":"2022-10-21T16:03:06+00:00","og_image":[{"width":500,"height":500,"url":"https:\/\/ttajer.com\/wp-content\/uploads\/2022\/05\/49.png","type":"image\/png"}],"twitter_card":"summary_large_image","twitter_site":"@ttajer1","twitter_misc":{"\u0648\u0642\u062a \u0627\u0644\u0642\u0631\u0627\u0621\u0629 \u0627\u0644\u0645\u064f\u0642\u062f\u0651\u0631":"\u062f\u0642\u064a\u0642\u0629 \u0648\u0627\u062d\u062f\u0629"},"schema":{"@context":"https:\/\/schema.org","@graph":[{"@type":"WebPage","@id":"https:\/\/ttajer.com\/product\/boitier-pc-atx-xigmatek-triple-x-avec-4x-x20a-en46577\/","url":"https:\/\/ttajer.com\/product\/boitier-pc-atx-xigmatek-triple-x-avec-4x-x20a-en46577\/","name":"Boitier PC ATX Xigmatek Triple X, avec 4x X20A (EN46577) - Ttajer","isPartOf":{"@id":"https:\/\/ttajer.com\/ar\/#website"},"datePublished":"2022-05-31T11:53:38+00:00","dateModified":"2022-10-21T16:03:06+00:00","description":"Boitier PC ATX Xigmatek Triple X, avec 4x X20A boitier pc atx xigmatek triple x, avec 4x x20aboitier pc atx xigmatekboitier pc atx xigmatek triple","breadcrumb":{"@id":"https:\/\/ttajer.com\/product\/boitier-pc-atx-xigmatek-triple-x-avec-4x-x20a-en46577\/#breadcrumb"},"inLanguage":"ar","potentialAction":[{"@type":"ReadAction","target":["https:\/\/ttajer.com\/product\/boitier-pc-atx-xigmatek-triple-x-avec-4x-x20a-en46577\/"]}]},{"@type":"BreadcrumbList","@id":"https:\/\/ttajer.com\/product\/boitier-pc-atx-xigmatek-triple-x-avec-4x-x20a-en46577\/#breadcrumb","itemListElement":[{"@type":"ListItem","position":1,"name":"Home","item":"https:\/\/ttajer.com\/"},{"@type":"ListItem","position":2,"name":"\u0627\u0644\u0645\u062a\u062c\u0631","item":"https:\/\/ttajer.com\/ar\/shop\/"},{"@type":"ListItem","position":3,"name":"Boitier PC ATX Xigmatek Triple X, avec 4x X20A (EN46577)"}]},{"@type":"WebSite","@id":"https:\/\/ttajer.com\/ar\/#website","url":"https:\/\/ttajer.com\/ar\/","name":"Ttajer","description":"Your Electronic Store","publisher":{"@id":"https:\/\/ttajer.com\/ar\/#organization"},"potentialAction":[{"@type":"SearchAction","target":{"@type":"EntryPoint","urlTemplate":"https:\/\/ttajer.com\/ar\/?s={search_term_string}"},"query-input":"required name=search_term_string"}],"inLanguage":"ar"},{"@type":"Organization","@id":"https:\/\/ttajer.com\/ar\/#organization","name":"\u0645\u0624\u0633\u0633\u0629 \u0623\u0633\u0639\u0627\u0631 \u0627\u0644\u062a\u0643\u0644\u0641\u0629 \u0627\u0644\u062a\u062c\u0627\u0631\u064a\u0629","url":"https:\/\/ttajer.com\/ar\/","logo":{"@type":"ImageObject","inLanguage":"ar","@id":"https:\/\/ttajer.com\/ar\/#\/schema\/logo\/image\/","url":"https:\/\/ttajer.com\/wp-content\/uploads\/2021\/10\/ttajer-logo.png","contentUrl":"https:\/\/ttajer.com\/wp-content\/uploads\/2021\/10\/ttajer-logo.png","width":150,"height":124,"caption":"\u0645\u0624\u0633\u0633\u0629 \u0623\u0633\u0639\u0627\u0631 \u0627\u0644\u062a\u0643\u0644\u0641\u0629 \u0627\u0644\u062a\u062c\u0627\u0631\u064a\u0629"},"image":{"@id":"https:\/\/ttajer.com\/ar\/#\/schema\/logo\/image\/"},"sameAs":["https:\/\/www.instagram.com\/ttajer.sa\/","https:\/\/www.facebook.com\/TTajer-105376801297898\/","https:\/\/twitter.com\/ttajer1"]}]}},"_links":{"self":[{"href":"https:\/\/ttajer.com\/ar\/wp-json\/wp\/v2\/product\/13365","targetHints":{"allow":["GET"]}}],"collection":[{"href":"https:\/\/ttajer.com\/ar\/wp-json\/wp\/v2\/product"}],"about":[{"href":"https:\/\/ttajer.com\/ar\/wp-json\/wp\/v2\/types\/product"}],"replies":[{"embeddable":true,"href":"https:\/\/ttajer.com\/ar\/wp-json\/wp\/v2\/comments?post=13365"}],"version-history":[{"count":0,"href":"https:\/\/ttajer.com\/ar\/wp-json\/wp\/v2\/product\/13365\/revisions"}],"wp:featuredmedia":[{"embeddable":true,"href":"https:\/\/ttajer.com\/ar\/wp-json\/wp\/v2\/media\/13367"}],"wp:attachment":[{"href":"https:\/\/ttajer.com\/ar\/wp-json\/wp\/v2\/media?parent=13365"}],"wp:term":[{"taxonomy":"product_cat","embeddable":true,"href":"https:\/\/ttajer.com\/ar\/wp-json\/wp\/v2\/product_cat?post=13365"},{"taxonomy":"product_tag","embeddable":true,"href":"https:\/\/ttajer.com\/ar\/wp-json\/wp\/v2\/product_tag?post=13365"}],"curies":[{"name":"wp","href":"https:\/\/api.w.org\/{rel}","templated":true}]}}